{"id":2600,"date":"2014-04-14T05:18:50","date_gmt":"2014-04-14T05:18:50","guid":{"rendered":"http:\/\/template-demo.org\/woo\/WCM01\/WCM010013\/?post_type=product&#038;p=2600"},"modified":"2025-09-17T08:46:28","modified_gmt":"2025-09-17T11:46:28","slug":"premiumresol","status":"publish","type":"product","link":"https:\/\/www.tresfpinturas.com.ar\/index.php\/producto\/premiumresol\/","title":{"rendered":"Premium RESOL"},"content":{"rendered":"<div id=\"sppb-addon-wrapper-1519825119345\" class=\"sppb-addon-wrapper\">\n<div id=\"sppb-addon-1519825119345\" class=\"clearfix \">\n<div class=\"sppb-addon sppb-addon-text-block \">\n<div class=\"sppb-addon-content\">\n<p>Pintura de acabado aterciopelado mate, de gran poder cubritivo e inmejorables propiedades de lavabilidad.<\/p>\n<p>Contiene fungicida para evitar el desarrollo de hongos sobre la pel\u00edcula de pintura.<\/p>\n<p>Por su exclusiva formulaci\u00f3n, no deja olores desagradables, lo que le permite la inmediata habitabilidad de los ambientes pintados.<\/p>\n<p>Se entrega en color blanco pudiendo obtenerse adem\u00e1s una amplia gama de tonos mediante el uso de Entonadores Universales <strong>CASACRIL<\/strong>, hasta 60 cm<sup>3<\/sup> por cada litro de pintura. Disponible tambi\u00e9n en todas las versiones de colores del Sistema <strong>CRISTACOLOR<\/strong>.<\/p>\n<p>Es de f\u00e1cil aplicaci\u00f3n con pincel, rodillo o soplete proporcionando recubrimientos de r\u00e1pido secado sobre yeso, revoque a la cal fina, ladrillo, fibrocemento, madera, hierro o empapelado. Apto para uso interior\/exterior.<\/p>\n<\/div>\n<\/div>\n<\/div>\n<\/div>\n","protected":false},"excerpt":{"rendered":"<div id=\"sppb-addon-wrapper-1519825119345\" class=\"sppb-addon-wrapper\">\n<div id=\"sppb-addon-1519825119345\" class=\"clearfix \">\n<div class=\"sppb-addon sppb-addon-text-block \">\n<div class=\"sppb-addon-content\">\n<p>Pintura de acabado aterciopelado mate, de gran poder cubritivo e inmejorables propiedades de lavabilidad.<\/p>\n<p>Contiene fungicida para evitar el desarrollo de hongos sobre la pel\u00edcula de pintura.<\/p>\n<p>Por su exclusiva formulaci\u00f3n, no deja olores desagradables, lo que le permite la inmediata habitabilidad de los ambientes pintados.<\/p>\n<p>Se entrega en color blanco pudiendo obtenerse adem\u00e1s una amplia gama de tonos mediante el uso de Entonadores Universales <strong>CASACRIL<\/strong>, hasta 60 cm<sup>3<\/sup> por cada litro de pintura. Disponible tambi\u00e9n en todas las versiones de colores del Sistema <strong>CRISTACOLOR<\/strong>.<\/p>\n<p>Es de f\u00e1cil aplicaci\u00f3n con pincel, rodillo o soplete proporcionando recubrimientos de r\u00e1pido secado sobre yeso, revoque a la cal fina, ladrillo, fibrocemento, madera, hierro o empapelado. Apto para uso interior\/exterior.<\/p>\n<\/div>\n<\/div>\n<\/div>\n<\/div>\n","protected":false},"featured_media":8428,"comment_status":"closed","ping_status":"closed","template":"","meta":[],"product_brand":[],"product_cat":[168,167,15],"product_tag":[133],"class_list":{"0":"post-2600","1":"product","2":"type-product","3":"status-publish","4":"has-post-thumbnail","6":"product_cat-latex","7":"product_cat-pinturas","8":"product_cat-sin-categorizar","9":"product_tag-quot","12":"first","13":"instock","14":"featured","15":"shipping-taxable","16":"purchasable","17":"product-type-simple"},"_links":{"self":[{"href":"https:\/\/www.tresfpinturas.com.ar\/index.php\/wp-json\/wp\/v2\/product\/2600","targetHints":{"allow":["GET"]}}],"collection":[{"href":"https:\/\/www.tresfpinturas.com.ar\/index.php\/wp-json\/wp\/v2\/product"}],"about":[{"href":"https:\/\/www.tresfpinturas.com.ar\/index.php\/wp-json\/wp\/v2\/types\/product"}],"replies":[{"embeddable":true,"href":"https:\/\/www.tresfpinturas.com.ar\/index.php\/wp-json\/wp\/v2\/comments?post=2600"}],"wp:featuredmedia":[{"embeddable":true,"href":"https:\/\/www.tresfpinturas.com.ar\/index.php\/wp-json\/wp\/v2\/media\/8428"}],"wp:attachment":[{"href":"https:\/\/www.tresfpinturas.com.ar\/index.php\/wp-json\/wp\/v2\/media?parent=2600"}],"wp:term":[{"taxonomy":"product_brand","embeddable":true,"href":"https:\/\/www.tresfpinturas.com.ar\/index.php\/wp-json\/wp\/v2\/product_brand?post=2600"},{"taxonomy":"product_cat","embeddable":true,"href":"https:\/\/www.tresfpinturas.com.ar\/index.php\/wp-json\/wp\/v2\/product_cat?post=2600"},{"taxonomy":"product_tag","embeddable":true,"href":"https:\/\/www.tresfpinturas.com.ar\/index.php\/wp-json\/wp\/v2\/product_tag?post=2600"}],"curies":[{"name":"wp","href":"https:\/\/api.w.org\/{rel}","templated":true}]}}