{"id":2596,"date":"2014-04-12T07:32:23","date_gmt":"2014-04-12T07:32:23","guid":{"rendered":"http:\/\/template-demo.org\/woo\/WCM01\/WCM010013\/?post_type=product&#038;p=2596"},"modified":"2025-09-17T08:47:47","modified_gmt":"2025-09-17T11:47:47","slug":"casacril-colores-intensos","status":"publish","type":"product","link":"https:\/\/www.tresfpinturas.com.ar\/index.php\/producto\/casacril-colores-intensos\/","title":{"rendered":"CasaCril Colores Intensos"},"content":{"rendered":"<div id=\"sppb-addon-wrapper-1543935693662\" class=\"sppb-addon-wrapper\">\n<div id=\"sppb-addon-1543935693662\" class=\"clearfix \">\n<div class=\"sppb-addon sppb-addon-text-block \">\n<div class=\"sppb-addon-content\">\n<p>Novedoso sistema de colores basado en el <strong>Sistema CristaColor<\/strong>, reproduciendo 8 colores luminosos del taco para lograr una pintura de acabado aterciopelado mate, de excelente lavabilidad. Se utiliza en combinaci\u00f3n con el<strong> L\u00e1tex CASACRIL blanco<\/strong>.<\/p>\n<p>De f\u00e1cil aplicaci\u00f3n con pincel, rodillo o soplete, brinda recubrimientos de r\u00e1pido secado sobre yeso, revoque, ladrillo, fibrocemento, madera, hierro o empapelado.<\/p>\n<p>Contiene fungicidas para evitar el desarrollo de hongos en la pel\u00edcula de pintura.<\/p>\n<p>Por su exclusiva formulaci\u00f3n, no deja olores desagradables, lo que permite la inmediata habitabilidad de los ambientes.<\/p>\n<p>Recomendado para uso en interiores. En exteriores, los colores pueden perder resistencia si est\u00e1n expuestos muchas horas al sol.<\/p>\n<\/div>\n<\/div>\n<\/div>\n<\/div>\n","protected":false},"excerpt":{"rendered":"<div id=\"sppb-addon-wrapper-1543935693662\" class=\"sppb-addon-wrapper\">\n<div id=\"sppb-addon-1543935693662\" class=\"clearfix \">\n<div class=\"sppb-addon sppb-addon-text-block \">\n<div class=\"sppb-addon-content\">\n<p>Novedoso sistema de colores basado en el <strong>Sistema CristaColor<\/strong>, reproduciendo 8 colores luminosos del taco para lograr una pintura de acabado aterciopelado mate, de excelente lavabilidad. Se utiliza en combinaci\u00f3n con el<strong> L\u00e1tex CASACRIL blanco<\/strong>.<\/p>\n<p>De f\u00e1cil aplicaci\u00f3n con pincel, rodillo o soplete, brinda recubrimientos de r\u00e1pido secado sobre yeso, revoque, ladrillo, fibrocemento, madera, hierro o empapelado.<\/p>\n<p>Contiene fungicidas para evitar el desarrollo de hongos en la pel\u00edcula de pintura.<\/p>\n<p>Por su exclusiva formulaci\u00f3n, no deja olores desagradables, lo que permite la inmediata habitabilidad de los ambientes.<\/p>\n<p>Recomendado para uso en interiores. En exteriores, los colores pueden perder resistencia si est\u00e1n expuestos muchas horas al sol.<\/p>\n<\/div>\n<\/div>\n<\/div>\n<\/div>\n","protected":false},"featured_media":8430,"comment_status":"closed","ping_status":"closed","template":"","meta":[],"product_brand":[],"product_cat":[168,167],"product_tag":[],"class_list":{"0":"post-2596","1":"product","2":"type-product","3":"status-publish","4":"has-post-thumbnail","6":"product_cat-latex","7":"product_cat-pinturas","10":"first","11":"instock","12":"featured","13":"shipping-taxable","14":"purchasable","15":"product-type-simple"},"_links":{"self":[{"href":"https:\/\/www.tresfpinturas.com.ar\/index.php\/wp-json\/wp\/v2\/product\/2596","targetHints":{"allow":["GET"]}}],"collection":[{"href":"https:\/\/www.tresfpinturas.com.ar\/index.php\/wp-json\/wp\/v2\/product"}],"about":[{"href":"https:\/\/www.tresfpinturas.com.ar\/index.php\/wp-json\/wp\/v2\/types\/product"}],"replies":[{"embeddable":true,"href":"https:\/\/www.tresfpinturas.com.ar\/index.php\/wp-json\/wp\/v2\/comments?post=2596"}],"wp:featuredmedia":[{"embeddable":true,"href":"https:\/\/www.tresfpinturas.com.ar\/index.php\/wp-json\/wp\/v2\/media\/8430"}],"wp:attachment":[{"href":"https:\/\/www.tresfpinturas.com.ar\/index.php\/wp-json\/wp\/v2\/media?parent=2596"}],"wp:term":[{"taxonomy":"product_brand","embeddable":true,"href":"https:\/\/www.tresfpinturas.com.ar\/index.php\/wp-json\/wp\/v2\/product_brand?post=2596"},{"taxonomy":"product_cat","embeddable":true,"href":"https:\/\/www.tresfpinturas.com.ar\/index.php\/wp-json\/wp\/v2\/product_cat?post=2596"},{"taxonomy":"product_tag","embeddable":true,"href":"https:\/\/www.tresfpinturas.com.ar\/index.php\/wp-json\/wp\/v2\/product_tag?post=2596"}],"curies":[{"name":"wp","href":"https:\/\/api.w.org\/{rel}","templated":true}]}}