{"id":2590,"date":"2014-04-12T07:28:09","date_gmt":"2014-04-12T07:28:09","guid":{"rendered":"http:\/\/template-demo.org\/woo\/WCM01\/WCM010013\/?post_type=product&#038;p=2590"},"modified":"2025-09-17T08:46:56","modified_gmt":"2025-09-17T11:46:56","slug":"cristasol","status":"publish","type":"product","link":"https:\/\/www.tresfpinturas.com.ar\/index.php\/producto\/cristasol\/","title":{"rendered":"CristaSol"},"content":{"rendered":"<div id=\"sppb-addon-wrapper-1573735377959\" class=\"sppb-addon-wrapper\">\n<div id=\"sppb-addon-1573735377959\" class=\"clearfix \">\n<div class=\"sppb-addon sppb-addon-text-block  \">\n<div class=\"sppb-addon-content\">\n<p>Esmalte de terminaci\u00f3n de secado al aire, elaborado con resinas sint\u00e9ticas de \u00faltima generaci\u00f3n, y pigmentos de gran calidad y resistencia a la luz. Buenas propiedades de secado, dureza, brillo, nivelaci\u00f3n y resistencia a la intemperie, lo que permite lograr acabados de gran calidad. Uso exterior e interior.<\/p>\n<p><strong>3 en 1:<\/strong> Convertidor de \u00d3xido, Anti\u00f3xido y Esmalte, todo en uno.<\/p>\n<p>Se entrega una variedad de <strong>26 colores<\/strong> exclusivos de l\u00ednea. Se pueden obtener colores adicionales por mezcla entre los mismos.<\/p>\n<p>Se obtiene adem\u00e1s una amplia variedad de tonos, mediante el uso de <strong>Entonadores Universales CASACRIL<\/strong>, hasta 50 cm<sup>3<\/sup> por litro, de acuerdo con lo indicado en nuestra exclusiva carta de colores.<\/p>\n<p>Disponible tambi\u00e9n en todas las versiones de colores del <strong>Sistema CRISTACOLOR<\/strong>.<\/p>\n<p>De f\u00e1cil aplicaci\u00f3n, a pincel, rodillo o soplete.<\/p>\n<\/div>\n<\/div>\n<\/div>\n<\/div>\n","protected":false},"excerpt":{"rendered":"<div id=\"sppb-addon-wrapper-1573735377959\" class=\"sppb-addon-wrapper\">\n<div id=\"sppb-addon-1573735377959\" class=\"clearfix \">\n<div class=\"sppb-addon sppb-addon-text-block  \">\n<div class=\"sppb-addon-content\">\n<p>Esmalte de terminaci\u00f3n de secado al aire, elaborado con resinas sint\u00e9ticas de \u00faltima generaci\u00f3n, y pigmentos de gran calidad y resistencia a la luz. Buenas propiedades de secado, dureza, brillo, nivelaci\u00f3n y resistencia a la intemperie, lo que permite lograr acabados de gran calidad. Uso exterior e interior.<\/p>\n<p><strong>3 en 1:<\/strong> Convertidor de \u00d3xido, Anti\u00f3xido y Esmalte, todo en uno.<\/p>\n<p>Se entrega una variedad de <strong>26 colores<\/strong> exclusivos de l\u00ednea. Se pueden obtener colores adicionales por mezcla entre los mismos.<\/p>\n<p>Se obtiene adem\u00e1s una amplia variedad de tonos, mediante el uso de <strong>Entonadores Universales CASACRIL<\/strong>, hasta 50 cm<sup>3<\/sup> por litro, de acuerdo con lo indicado en nuestra exclusiva carta de colores.<\/p>\n<p>Disponible tambi\u00e9n en todas las versiones de colores del <strong>Sistema CRISTACOLOR<\/strong>.<\/p>\n<p>De f\u00e1cil aplicaci\u00f3n, a pincel, rodillo o soplete.<\/p>\n<\/div>\n<\/div>\n<\/div>\n<\/div>\n","protected":false},"featured_media":8433,"comment_status":"closed","ping_status":"closed","template":"","meta":[],"product_brand":[],"product_cat":[169,167],"product_tag":[],"class_list":{"0":"post-2590","1":"product","2":"type-product","3":"status-publish","4":"has-post-thumbnail","6":"product_cat-esmalte-sintetico","7":"product_cat-pinturas","10":"first","11":"instock","12":"featured","13":"shipping-taxable","14":"purchasable","15":"product-type-simple"},"_links":{"self":[{"href":"https:\/\/www.tresfpinturas.com.ar\/index.php\/wp-json\/wp\/v2\/product\/2590","targetHints":{"allow":["GET"]}}],"collection":[{"href":"https:\/\/www.tresfpinturas.com.ar\/index.php\/wp-json\/wp\/v2\/product"}],"about":[{"href":"https:\/\/www.tresfpinturas.com.ar\/index.php\/wp-json\/wp\/v2\/types\/product"}],"replies":[{"embeddable":true,"href":"https:\/\/www.tresfpinturas.com.ar\/index.php\/wp-json\/wp\/v2\/comments?post=2590"}],"wp:featuredmedia":[{"embeddable":true,"href":"https:\/\/www.tresfpinturas.com.ar\/index.php\/wp-json\/wp\/v2\/media\/8433"}],"wp:attachment":[{"href":"https:\/\/www.tresfpinturas.com.ar\/index.php\/wp-json\/wp\/v2\/media?parent=2590"}],"wp:term":[{"taxonomy":"product_brand","embeddable":true,"href":"https:\/\/www.tresfpinturas.com.ar\/index.php\/wp-json\/wp\/v2\/product_brand?post=2590"},{"taxonomy":"product_cat","embeddable":true,"href":"https:\/\/www.tresfpinturas.com.ar\/index.php\/wp-json\/wp\/v2\/product_cat?post=2590"},{"taxonomy":"product_tag","embeddable":true,"href":"https:\/\/www.tresfpinturas.com.ar\/index.php\/wp-json\/wp\/v2\/product_tag?post=2590"}],"curies":[{"name":"wp","href":"https:\/\/api.w.org\/{rel}","templated":true}]}}